{"id":1914,"date":"2018-11-09T17:23:15","date_gmt":"2018-11-09T16:23:15","guid":{"rendered":"https:\/\/www.watchmakertable.com\/accueil\/"},"modified":"2026-04-24T12:43:50","modified_gmt":"2026-04-24T10:43:50","slug":"home","status":"publish","type":"page","link":"https:\/\/www.watchmakertable.com\/en\/","title":{"rendered":"Home"},"content":{"rendered":"","protected":false},"excerpt":{"rendered":"\u2026<br><a href=\"https:\/\/www.watchmakertable.com\/en\/\" class=\"read-more link\"><\/a><\/p>","protected":false},"author":1,"featured_media":0,"parent":0,"menu_order":14,"comment_status":"closed","ping_status":"closed","template":"","meta":{"_acf_changed":false},"class_list":["post-1914","page","type-page","status-publish","hentry"],"acf":[],"yoast_head":"<!-- This site is optimized with the Yoast SEO plugin v27.4 - https:\/\/yoast.com\/product\/yoast-seo-wordpress\/ -->\n<title>Finework | Watchmaker&#039;s and jeweler&#039;s workbenches for professionals<\/title>\n<meta name=\"description\" content=\"International references, our watchmaker&#039;s workbenches &amp; Finework jeweler&#039;s workbenches are essential furniture for watchmakers, jewelers\" \/>\n<meta name=\"robots\" content=\"index, follow, max-snippet:-1, max-image-preview:large, max-video-preview:-1\" \/>\n<link rel=\"canonical\" href=\"https:\/\/www.watchmakertable.com\/en\/\" \/>\n<meta property=\"og:locale\" content=\"en_US\" \/>\n<meta property=\"og:type\" content=\"article\" \/>\n<meta property=\"og:title\" content=\"Allemand Fr\u00e8res - \u00catre performant passe par le bien-\u00eatre\" \/>\n<meta property=\"og:description\" content=\"Notre approche allie simplicit\u00e9 et discr\u00e9tion. Comme nos partenaires commerciaux, nous aimons nous faire oublier au profit de la satisfaction de nos clients. Nous r\u00e9alisons cela en ne vous proposant que le meilleur, en \u00e9laborant pour vous des solutions sur-mesure.\" \/>\n<meta property=\"og:url\" content=\"https:\/\/www.watchmakertable.com\/en\/\" \/>\n<meta property=\"og:site_name\" content=\"Finework\" \/>\n<meta property=\"article:modified_time\" content=\"2026-04-24T10:43:50+00:00\" \/>\n<meta name=\"twitter:card\" content=\"summary_large_image\" \/>\n<script type=\"application\/ld+json\" class=\"yoast-schema-graph\">{\"@context\":\"https:\\\/\\\/schema.org\",\"@graph\":[{\"@type\":\"WebPage\",\"@id\":\"https:\\\/\\\/www.watchmakertable.com\\\/en\\\/\",\"url\":\"https:\\\/\\\/www.watchmakertable.com\\\/en\\\/\",\"name\":\"Finework | Watchmaker's and jeweler's workbenches for professionals\",\"isPartOf\":{\"@id\":\"https:\\\/\\\/www.watchmakertable.com\\\/#website\"},\"datePublished\":\"2018-11-09T16:23:15+00:00\",\"dateModified\":\"2026-04-24T10:43:50+00:00\",\"description\":\"International references, our watchmaker's workbenches & Finework jeweler's workbenches are essential furniture for watchmakers, jewelers\",\"breadcrumb\":{\"@id\":\"https:\\\/\\\/www.watchmakertable.com\\\/en\\\/#breadcrumb\"},\"inLanguage\":\"en-US\",\"potentialAction\":[{\"@type\":\"ReadAction\",\"target\":[\"https:\\\/\\\/www.watchmakertable.com\\\/en\\\/\"]}]},{\"@type\":\"BreadcrumbList\",\"@id\":\"https:\\\/\\\/www.watchmakertable.com\\\/en\\\/#breadcrumb\",\"itemListElement\":[{\"@type\":\"ListItem\",\"position\":1,\"name\":\"Home\",\"item\":\"https:\\\/\\\/www.watchmakertable.com\\\/en\\\/\"},{\"@type\":\"ListItem\",\"position\":2,\"name\":\"Home\"}]},{\"@type\":\"WebSite\",\"@id\":\"https:\\\/\\\/www.watchmakertable.com\\\/#website\",\"url\":\"https:\\\/\\\/www.watchmakertable.com\\\/\",\"name\":\"Finework\",\"description\":\"manufactured by Allemand Fr\u00e8res SA\",\"potentialAction\":[{\"@type\":\"SearchAction\",\"target\":{\"@type\":\"EntryPoint\",\"urlTemplate\":\"https:\\\/\\\/www.watchmakertable.com\\\/?s={search_term_string}\"},\"query-input\":{\"@type\":\"PropertyValueSpecification\",\"valueRequired\":true,\"valueName\":\"search_term_string\"}}],\"inLanguage\":\"en-US\"}]}<\/script>\n<!-- \/ Yoast SEO plugin. -->","yoast_head_json":{"title":"Finework | Watchmaker's and jeweler's workbenches for professionals","description":"International references, our watchmaker's workbenches & Finework jeweler's workbenches are essential furniture for watchmakers, jewelers","robots":{"index":"index","follow":"follow","max-snippet":"max-snippet:-1","max-image-preview":"max-image-preview:large","max-video-preview":"max-video-preview:-1"},"canonical":"https:\/\/www.watchmakertable.com\/en\/","og_locale":"en_US","og_type":"article","og_title":"Allemand Fr\u00e8res - \u00catre performant passe par le bien-\u00eatre","og_description":"Notre approche allie simplicit\u00e9 et discr\u00e9tion. Comme nos partenaires commerciaux, nous aimons nous faire oublier au profit de la satisfaction de nos clients. Nous r\u00e9alisons cela en ne vous proposant que le meilleur, en \u00e9laborant pour vous des solutions sur-mesure.","og_url":"https:\/\/www.watchmakertable.com\/en\/","og_site_name":"Finework","article_modified_time":"2026-04-24T10:43:50+00:00","twitter_card":"summary_large_image","schema":{"@context":"https:\/\/schema.org","@graph":[{"@type":"WebPage","@id":"https:\/\/www.watchmakertable.com\/en\/","url":"https:\/\/www.watchmakertable.com\/en\/","name":"Finework | Watchmaker's and jeweler's workbenches for professionals","isPartOf":{"@id":"https:\/\/www.watchmakertable.com\/#website"},"datePublished":"2018-11-09T16:23:15+00:00","dateModified":"2026-04-24T10:43:50+00:00","description":"International references, our watchmaker's workbenches & Finework jeweler's workbenches are essential furniture for watchmakers, jewelers","breadcrumb":{"@id":"https:\/\/www.watchmakertable.com\/en\/#breadcrumb"},"inLanguage":"en-US","potentialAction":[{"@type":"ReadAction","target":["https:\/\/www.watchmakertable.com\/en\/"]}]},{"@type":"BreadcrumbList","@id":"https:\/\/www.watchmakertable.com\/en\/#breadcrumb","itemListElement":[{"@type":"ListItem","position":1,"name":"Home","item":"https:\/\/www.watchmakertable.com\/en\/"},{"@type":"ListItem","position":2,"name":"Home"}]},{"@type":"WebSite","@id":"https:\/\/www.watchmakertable.com\/#website","url":"https:\/\/www.watchmakertable.com\/","name":"Finework","description":"manufactured by Allemand Fr\u00e8res SA","potentialAction":[{"@type":"SearchAction","target":{"@type":"EntryPoint","urlTemplate":"https:\/\/www.watchmakertable.com\/?s={search_term_string}"},"query-input":{"@type":"PropertyValueSpecification","valueRequired":true,"valueName":"search_term_string"}}],"inLanguage":"en-US"}]}},"_links":{"self":[{"href":"https:\/\/www.watchmakertable.com\/en\/wp-json\/wp\/v2\/pages\/1914","targetHints":{"allow":["GET"]}}],"collection":[{"href":"https:\/\/www.watchmakertable.com\/en\/wp-json\/wp\/v2\/pages"}],"about":[{"href":"https:\/\/www.watchmakertable.com\/en\/wp-json\/wp\/v2\/types\/page"}],"author":[{"embeddable":true,"href":"https:\/\/www.watchmakertable.com\/en\/wp-json\/wp\/v2\/users\/1"}],"replies":[{"embeddable":true,"href":"https:\/\/www.watchmakertable.com\/en\/wp-json\/wp\/v2\/comments?post=1914"}],"version-history":[{"count":4,"href":"https:\/\/www.watchmakertable.com\/en\/wp-json\/wp\/v2\/pages\/1914\/revisions"}],"predecessor-version":[{"id":5718,"href":"https:\/\/www.watchmakertable.com\/en\/wp-json\/wp\/v2\/pages\/1914\/revisions\/5718"}],"wp:attachment":[{"href":"https:\/\/www.watchmakertable.com\/en\/wp-json\/wp\/v2\/media?parent=1914"}],"curies":[{"name":"wp","href":"https:\/\/api.w.org\/{rel}","templated":true}]}}